{"id":194,"date":"2020-11-30T17:35:04","date_gmt":"2020-11-30T16:35:04","guid":{"rendered":"http:\/\/adapa-asso.net\/?page_id=194"},"modified":"2022-08-17T14:03:45","modified_gmt":"2022-08-17T12:03:45","slug":"lattenuation-et-ladaptation-aux-changements-climatiques","status":"publish","type":"page","link":"https:\/\/adapa-asso.net\/index.php\/lattenuation-et-ladaptation-aux-changements-climatiques\/","title":{"rendered":"L&rsquo;att\u00e9nuation et l&rsquo;adaptation aux changements climatiques"},"content":{"rendered":"\n<p>Le changement climatique se traduit de diff\u00e9rentes fa\u00e7ons selon les endroits et les ann\u00e9es : augmentation des temp\u00e9ratures moyennes et pics de forte chaleur, s\u00e9cheresses \u00e0 diff\u00e9rentes saisons, baisse et\/ou concentration des pr\u00e9cipitations au cours de l\u2019ann\u00e9e, etc. Cela conduit les agriculteurs, notamment les \u00e9leveurs herbagers et p\u00e2turants, \u00e0 modifier leurs pratiques : dates de p\u00e2turage, v\u00e9g\u00e9tations p\u00e2tur\u00e9es, composition des m\u00e9langes prairiaux, implantation et p\u00e9rennit\u00e9 des prairies sem\u00e9es, place des cultures annuelles, organisation spatiale et temporelle\u2026<\/p>\n\n\n\n<p>Les pressions sur les fermes sont de plus en plus importantes et les leviers identifi\u00e9s souvent les m\u00eames : les syst\u00e8mes les plus r\u00e9silients sont les syst\u00e8mes les plus \u00e9conomes et autonomes.<\/p>\n\n\n\n<p>N\u00e9anmoins, plusieurs pistes pr\u00e9cises restent \u00e0 explorer :<\/p>\n\n\n\n<p>le renouvellement des prairies naturelles par semis de prairies avec des semences autochtones<\/p>\n\n\n\n<p>-le d\u00e9veloppement de pratiques culturales \u00e9conomes en eau et en carburant<\/p>\n\n\n\n<p>-la connaissance des atouts des espaces non arables comme les landes, les zones humides, les sous-bois ou les friches dans l&rsquo;alimentation du troupeau, l&rsquo;entretien des espaces et de la ressource et la r\u00e9habilitation de zone (zones humides embrousaill\u00e9es perdant ces fonctions r\u00e9gulatrices de la ressource en eau, entretien des landes herbac\u00e9es rares\u2026)<\/p>\n\n\n\n<p>Au sein du collectif Agriculture Durable de Moyenne Montagne, l&rsquo;ADAPA s&rsquo;attache \u00e0 valoriser des pratiques paysannes m\u00e9connues comme la bonne utilisation des zones humides dans une cha\u00eene de p\u00e2turage o\u00f9 toutes sortes de ressources trouvent leur place. <\/p>\n\n\n\n<figure class=\"wp-block-embed-youtube wp-block-embed is-type-video is-provider-youtube wp-embed-aspect-16-9 wp-has-aspect-ratio\"><div class=\"wp-block-embed__wrapper\">\n<iframe loading=\"lazy\" title=\"11. ADMM 4\/04\/2017 Adaptation changement climatique - t\u00e9moignage 2\" width=\"720\" height=\"405\" src=\"https:\/\/www.youtube.com\/embed\/1vSE8FVI9P8?feature=oembed\" frameborder=\"0\" allow=\"accelerometer; autoplay; clipboard-write; encrypted-media; gyroscope; picture-in-picture\" allowfullscreen><\/iframe>\n<\/div><\/figure>\n\n\n\n<figure class=\"wp-block-image size-large is-resized\"><img loading=\"lazy\" decoding=\"async\" src=\"https:\/\/adapa-asso.net\/wp-content\/uploads\/2020\/12\/article-la-montagne-724x1024.jpg\" alt=\"\" class=\"wp-image-370\" width=\"788\" height=\"1114\" srcset=\"https:\/\/adapa-asso.net\/wp-content\/uploads\/2020\/12\/article-la-montagne-724x1024.jpg 724w, https:\/\/adapa-asso.net\/wp-content\/uploads\/2020\/12\/article-la-montagne-212x300.jpg 212w, https:\/\/adapa-asso.net\/wp-content\/uploads\/2020\/12\/article-la-montagne-768x1087.jpg 768w, https:\/\/adapa-asso.net\/wp-content\/uploads\/2020\/12\/article-la-montagne-82x116.jpg 82w, https:\/\/adapa-asso.net\/wp-content\/uploads\/2020\/12\/article-la-montagne.jpg 826w\" sizes=\"auto, (max-width: 788px) 100vw, 788px\" \/><\/figure>\n","protected":false},"excerpt":{"rendered":"<p>Le changement climatique se traduit de diff\u00e9rentes fa\u00e7ons selon les endroits et les ann\u00e9es : augmentation des temp\u00e9ratures moyennes et pics de forte chaleur, s\u00e9cheresses \u00e0 diff\u00e9rentes saisons, baisse et\/ou concentration des pr\u00e9cipitations au cours de l\u2019ann\u00e9e, etc. Cela conduit les agriculteurs, notamment les \u00e9leveurs herbagers et p\u00e2turants, \u00e0 modifier leurs pratiques : dates de&#8230;<\/p>\n","protected":false},"author":2,"featured_media":0,"parent":0,"menu_order":0,"comment_status":"closed","ping_status":"closed","template":"","meta":{"_kadence_starter_templates_imported_post":false,"_kad_post_transparent":"","_kad_post_title":"","_kad_post_layout":"","_kad_post_sidebar_id":"","_kad_post_content_style":"","_kad_post_vertical_padding":"","_kad_post_feature":"","_kad_post_feature_position":"","_kad_post_header":false,"_kad_post_footer":false,"_kad_post_classname":"","footnotes":""},"class_list":["post-194","page","type-page","status-publish","hentry"],"_links":{"self":[{"href":"https:\/\/adapa-asso.net\/index.php\/wp-json\/wp\/v2\/pages\/194","targetHints":{"allow":["GET"]}}],"collection":[{"href":"https:\/\/adapa-asso.net\/index.php\/wp-json\/wp\/v2\/pages"}],"about":[{"href":"https:\/\/adapa-asso.net\/index.php\/wp-json\/wp\/v2\/types\/page"}],"author":[{"embeddable":true,"href":"https:\/\/adapa-asso.net\/index.php\/wp-json\/wp\/v2\/users\/2"}],"replies":[{"embeddable":true,"href":"https:\/\/adapa-asso.net\/index.php\/wp-json\/wp\/v2\/comments?post=194"}],"version-history":[{"count":8,"href":"https:\/\/adapa-asso.net\/index.php\/wp-json\/wp\/v2\/pages\/194\/revisions"}],"predecessor-version":[{"id":371,"href":"https:\/\/adapa-asso.net\/index.php\/wp-json\/wp\/v2\/pages\/194\/revisions\/371"}],"wp:attachment":[{"href":"https:\/\/adapa-asso.net\/index.php\/wp-json\/wp\/v2\/media?parent=194"}],"curies":[{"name":"wp","href":"https:\/\/api.w.org\/{rel}","templated":true}]}}