{"id":191,"date":"2020-11-30T15:11:02","date_gmt":"2020-11-30T14:11:02","guid":{"rendered":"http:\/\/adapa-asso.net\/?page_id=191"},"modified":"2022-08-17T14:03:45","modified_gmt":"2022-08-17T12:03:45","slug":"la-biodiversite-comme-facteur-de-production-dans-les-fermes-delevage","status":"publish","type":"page","link":"https:\/\/adapa-asso.net\/index.php\/la-biodiversite-comme-facteur-de-production-dans-les-fermes-delevage\/","title":{"rendered":"La biodiversit\u00e9, facteur de production des fermes d&rsquo;\u00e9levage"},"content":{"rendered":"\n<h2 class=\"wp-block-heading\">R\u00e9silience des fermes et changements climatiques<\/h2>\n\n\n\n<p>L&rsquo;accentuation des \u00e9v\u00e9nements climatiques, plus rapides que pr\u00e9vus, demande aux agriculteurs.trices d&rsquo;\u00eatre de plus en plus r\u00e9actifs sur leurs fermes. <\/p>\n\n\n\n<p>Que \u00e7a soit de nouvelles r\u00e9f\u00e9rences de p\u00e2turage ou la r\u00e9activation de savoir anciens, tout est bon pour  reconstituer une compl\u00e9mentarit\u00e9 de milieux. Car aujourd&rsquo;hui, nos prairies \u00e9voluent vites.<\/p>\n\n\n\n<p>Ainsi au centre des questionnements, l&rsquo;ADAPA souhaite comprendre les dynamiques v\u00e9g\u00e9tales en fonction du climat, du sol, du p\u00e2turage et des pratiques agronomiques m\u00e9canis\u00e9es (travail du sol, fertilisation, fauche\u2026). <\/p>\n\n\n\n<figure class=\"wp-block-image size-large\"><img loading=\"lazy\" decoding=\"async\" width=\"1024\" height=\"768\" src=\"https:\/\/adapa-asso.net\/wp-content\/uploads\/2020\/12\/20201021_135843-1024x768.jpg\" alt=\"\" class=\"wp-image-360\" srcset=\"https:\/\/adapa-asso.net\/wp-content\/uploads\/2020\/12\/20201021_135843-1024x768.jpg 1024w, https:\/\/adapa-asso.net\/wp-content\/uploads\/2020\/12\/20201021_135843-300x225.jpg 300w, https:\/\/adapa-asso.net\/wp-content\/uploads\/2020\/12\/20201021_135843-768x576.jpg 768w, https:\/\/adapa-asso.net\/wp-content\/uploads\/2020\/12\/20201021_135843-1536x1152.jpg 1536w, https:\/\/adapa-asso.net\/wp-content\/uploads\/2020\/12\/20201021_135843-2048x1536.jpg 2048w, https:\/\/adapa-asso.net\/wp-content\/uploads\/2020\/12\/20201021_135843-155x116.jpg 155w\" sizes=\"auto, (max-width: 1024px) 100vw, 1024px\" \/><figcaption>Demi-journ\u00e9e d&rsquo;\u00e9change: les prairies humides dans la cha\u00eene de p\u00e2turage<\/figcaption><\/figure>\n\n\n\n<h2 class=\"wp-block-heading\">Du p\u00e2turage tournant \u00e0 la diff\u00e9renciation des parcelles<\/h2>\n\n\n\n<p>\u00c0 travers la pratique du p\u00e2turage tournant, les \u00e9leveurs de l\u2019ADAPA tendent \u00e0 utiliser de mani\u00e8re homog\u00e8ne tous les milieux de leurs fermes (c&rsquo;est-\u00e0-dire aussi bien milieux semi-naturels que les prairies temporaires et des parcelles culturales qui peuvent \u00eatre aussi des zones \u00e0 fort enjeux agronomique). <\/p>\n\n\n\n<p>Une fois acquise une certaine autonomie fourrag\u00e8re \u00e0 travers cette pratique, il est pourtant int\u00e9ressant de re-hi\u00e9rarchiser le potentiel des milieux d&rsquo;une ferme. En effet, les diff\u00e9rents usages des parcelles peuvent permettre plus de r\u00e9silience face aux s\u00e9cheresses et\/ou canicules. Les zones humides, milieux \u00e0 fort enjeux de conservation en Limousin, sont \u00e9galement de v\u00e9ritables atouts en \u00e9t\u00e9. <\/p>\n\n\n\n<figure class=\"wp-block-image size-large\"><img loading=\"lazy\" decoding=\"async\" width=\"1024\" height=\"768\" src=\"https:\/\/adapa-asso.net\/wp-content\/uploads\/2020\/11\/DSC03660-1024x768.jpg\" alt=\"\" class=\"wp-image-219\" srcset=\"https:\/\/adapa-asso.net\/wp-content\/uploads\/2020\/11\/DSC03660-1024x768.jpg 1024w, https:\/\/adapa-asso.net\/wp-content\/uploads\/2020\/11\/DSC03660-300x225.jpg 300w, https:\/\/adapa-asso.net\/wp-content\/uploads\/2020\/11\/DSC03660-768x576.jpg 768w, https:\/\/adapa-asso.net\/wp-content\/uploads\/2020\/11\/DSC03660-1536x1152.jpg 1536w, https:\/\/adapa-asso.net\/wp-content\/uploads\/2020\/11\/DSC03660-2048x1536.jpg 2048w, https:\/\/adapa-asso.net\/wp-content\/uploads\/2020\/11\/DSC03660-155x116.jpg 155w\" sizes=\"auto, (max-width: 1024px) 100vw, 1024px\" \/><figcaption>Brebis dans une zone humide \u00e0 jonc diffus (et leur \u00e9leveuse \u00e0 droite!)<\/figcaption><\/figure>\n\n\n\n<p><\/p>\n\n\n\n<h2 class=\"wp-block-heading\">Comprendre la flore pour mieux s&rsquo;adapter<\/h2>\n\n\n\n<p>Afin de croiser les observations botaniques et celles des agriculteurs,  l&rsquo;ADAPA travaille avec des partenaires comme le Conservatoire National Botanique du Massif Central. L&rsquo;objectif est de construire de nouvelles connaissances en int\u00e9grant des approches compl\u00e9mentaires \u00e9cologiques et agricoles de personnes de terrains (botanistes et agriculteurs).  Car finalement, le contexte climatique am\u00e8ne de nouvelles r\u00e9ponses. L&rsquo;ADAPA souhaite diffuser des savoirs et savoir-faire coh\u00e9rents face \u00e0 cette nouvelle donne. Au programme\u00a0:<\/p>\n\n\n\n<ul class=\"wp-block-list\"><li>Une m\u00e9thode d&rsquo;identification les couverts v\u00e9g\u00e9taux des parcelles. \u00c0 travers l&rsquo;histoire de l&rsquo;exploitation\u00a0et ses pratiques, on peut comprendre l&rsquo;\u00e9volution des prairies.<\/li><\/ul>\n\n\n\n<ul class=\"wp-block-list\"><li>Anticiper les implications sur l&rsquo;ensemble du parcellaire lorsqu&rsquo;on envisage une modification d&rsquo;usage d&rsquo;une partie de l&rsquo;exploitation.<\/li><\/ul>\n\n\n\n<ul class=\"wp-block-list\"><li>Anticiper les implications sur l&rsquo;organisation de l&rsquo;\u00e9levage et la conduite du troupeau en lien avec les objectifs de production. <\/li><\/ul>\n\n\n\n<ul class=\"wp-block-list\"><li>Mettre en place des conventions de suivi de la dynamique de v\u00e9g\u00e9tation\u00a0;<\/li><\/ul>\n\n\n\n<ul class=\"wp-block-list\"><li>Construire des outils  favorisant la biodiversit\u00e9 \u00e0 l&rsquo;\u00e9chelle d&rsquo;une ferme ou d&rsquo;un ensemble paysager\u00a0: relev\u00e9 des zones d&rsquo;enjeux, typologie, cartographie, outil d&rsquo;analyse du territoire et des marges de man\u0153uvre\u2026<\/li><\/ul>\n\n\n\n<p><\/p>\n","protected":false},"excerpt":{"rendered":"<p>R\u00e9silience des fermes et changements climatiques L&rsquo;accentuation des \u00e9v\u00e9nements climatiques, plus rapides que pr\u00e9vus, demande aux agriculteurs.trices d&rsquo;\u00eatre de plus en plus r\u00e9actifs sur leurs fermes. Que \u00e7a soit de nouvelles r\u00e9f\u00e9rences de p\u00e2turage ou la r\u00e9activation de savoir anciens, tout est bon pour reconstituer une compl\u00e9mentarit\u00e9 de milieux. Car aujourd&rsquo;hui, nos prairies \u00e9voluent vites&#8230;.<\/p>\n","protected":false},"author":2,"featured_media":0,"parent":0,"menu_order":0,"comment_status":"closed","ping_status":"closed","template":"","meta":{"_kadence_starter_templates_imported_post":false,"_kad_post_transparent":"","_kad_post_title":"","_kad_post_layout":"","_kad_post_sidebar_id":"","_kad_post_content_style":"","_kad_post_vertical_padding":"","_kad_post_feature":"","_kad_post_feature_position":"","_kad_post_header":false,"_kad_post_footer":false,"_kad_post_classname":"","footnotes":""},"class_list":["post-191","page","type-page","status-publish","hentry"],"_links":{"self":[{"href":"https:\/\/adapa-asso.net\/index.php\/wp-json\/wp\/v2\/pages\/191","targetHints":{"allow":["GET"]}}],"collection":[{"href":"https:\/\/adapa-asso.net\/index.php\/wp-json\/wp\/v2\/pages"}],"about":[{"href":"https:\/\/adapa-asso.net\/index.php\/wp-json\/wp\/v2\/types\/page"}],"author":[{"embeddable":true,"href":"https:\/\/adapa-asso.net\/index.php\/wp-json\/wp\/v2\/users\/2"}],"replies":[{"embeddable":true,"href":"https:\/\/adapa-asso.net\/index.php\/wp-json\/wp\/v2\/comments?post=191"}],"version-history":[{"count":9,"href":"https:\/\/adapa-asso.net\/index.php\/wp-json\/wp\/v2\/pages\/191\/revisions"}],"predecessor-version":[{"id":571,"href":"https:\/\/adapa-asso.net\/index.php\/wp-json\/wp\/v2\/pages\/191\/revisions\/571"}],"wp:attachment":[{"href":"https:\/\/adapa-asso.net\/index.php\/wp-json\/wp\/v2\/media?parent=191"}],"curies":[{"name":"wp","href":"https:\/\/api.w.org\/{rel}","templated":true}]}}