{"id":175,"date":"2020-11-20T17:01:53","date_gmt":"2020-11-20T16:01:53","guid":{"rendered":"http:\/\/adapa-asso.net\/?page_id=175"},"modified":"2026-03-10T12:32:09","modified_gmt":"2026-03-10T11:32:09","slug":"contactez-nous","status":"publish","type":"page","link":"https:\/\/adapa-asso.net\/index.php\/contactez-nous\/","title":{"rendered":"Contacts et Adh\u00e9sion"},"content":{"rendered":"\n<p>Vous pouvez nous retrouver au deuxi\u00e8me \u00e9tage de la mairie dans le centre bourg et nous \u00e9crire par courrier \u00e0 l&rsquo;adresse postale suivante :<\/p>\n\n\n\n<p>ADAPA mairie 19450 Chamboulive<\/p>\n\n\n\n<p>Vous pouvez \u00e9galement nous joindre par mail avec l&rsquo;adresse suivante : contact[at]adapa-asso.net<\/p>\n\n\n\n<p>Et enfin vous pouvez nous t\u00e9l\u00e9phoner au (0)7.82.61.31.87.<\/p>\n\n\n\n<pre class=\"wp-block-preformatted has-background\" style=\"background-color:#89d61578;font-size:16px\"><strong>Si vous souhaitez adh\u00e9rer, vous pouvez le faire en ligne via le lien suivant : <\/strong><a href=\"https:\/\/www.helloasso.com\/associations\/adapa\/adhesions\/formulaire-d-adhesion-a-l-adapa\/widget\">formulaire en ligne<\/a><\/pre>\n\n\n\n<pre class=\"wp-block-preformatted\">Ou par format papier en imprimant le bulletin d'adh\u00e9sion et en nous l'envoyant par la poste : <a href=\"https:\/\/adapa-asso.net\/wp-content\/uploads\/2026\/03\/bulletin-dadhesion-2026.pdf\" data-type=\"link\" data-id=\"https:\/\/adapa-asso.net\/wp-content\/uploads\/2026\/03\/bulletin-dadhesion-2026.pdf\">bulletin d'adh\u00e9sion<\/a><\/pre>\n\n\n\n<p><\/p>\n","protected":false},"excerpt":{"rendered":"<p>Vous pouvez nous retrouver au deuxi\u00e8me \u00e9tage de la mairie dans le centre bourg et nous \u00e9crire par courrier \u00e0 l&rsquo;adresse postale suivante : ADAPA mairie 19450 Chamboulive Vous pouvez \u00e9galement nous joindre par mail avec l&rsquo;adresse suivante : contact[at]adapa-asso.net Et enfin vous pouvez nous t\u00e9l\u00e9phoner au (0)7.82.61.31.87. Si vous souhaitez adh\u00e9rer, vous pouvez le&#8230;<\/p>\n","protected":false},"author":2,"featured_media":0,"parent":0,"menu_order":0,"comment_status":"closed","ping_status":"closed","template":"","meta":{"_kadence_starter_templates_imported_post":false,"_kad_post_transparent":"","_kad_post_title":"","_kad_post_layout":"","_kad_post_sidebar_id":"","_kad_post_content_style":"","_kad_post_vertical_padding":"","_kad_post_feature":"","_kad_post_feature_position":"","_kad_post_header":false,"_kad_post_footer":false,"_kad_post_classname":"","footnotes":""},"class_list":["post-175","page","type-page","status-publish","hentry"],"_links":{"self":[{"href":"https:\/\/adapa-asso.net\/index.php\/wp-json\/wp\/v2\/pages\/175","targetHints":{"allow":["GET"]}}],"collection":[{"href":"https:\/\/adapa-asso.net\/index.php\/wp-json\/wp\/v2\/pages"}],"about":[{"href":"https:\/\/adapa-asso.net\/index.php\/wp-json\/wp\/v2\/types\/page"}],"author":[{"embeddable":true,"href":"https:\/\/adapa-asso.net\/index.php\/wp-json\/wp\/v2\/users\/2"}],"replies":[{"embeddable":true,"href":"https:\/\/adapa-asso.net\/index.php\/wp-json\/wp\/v2\/comments?post=175"}],"version-history":[{"count":26,"href":"https:\/\/adapa-asso.net\/index.php\/wp-json\/wp\/v2\/pages\/175\/revisions"}],"predecessor-version":[{"id":1409,"href":"https:\/\/adapa-asso.net\/index.php\/wp-json\/wp\/v2\/pages\/175\/revisions\/1409"}],"wp:attachment":[{"href":"https:\/\/adapa-asso.net\/index.php\/wp-json\/wp\/v2\/media?parent=175"}],"curies":[{"name":"wp","href":"https:\/\/api.w.org\/{rel}","templated":true}]}}