{"id":113,"date":"2020-11-17T14:55:34","date_gmt":"2020-11-17T13:55:34","guid":{"rendered":"http:\/\/adapa-asso.net\/index.php\/front-page\/"},"modified":"2026-02-03T10:44:12","modified_gmt":"2026-02-03T09:44:12","slug":"document","status":"publish","type":"page","link":"https:\/\/adapa-asso.net\/index.php\/document\/","title":{"rendered":"Documents \u00e0 t\u00e9l\u00e9charger"},"content":{"rendered":"\n<p>Vous pouvez t\u00e9l\u00e9charger ici diff\u00e9rents supports de pr\u00e9sentation de notre travail.<\/p>\n\n\n\n<p class=\"has-text-color has-medium-font-size\" style=\"color:#ff6900\"><strong><em>Des recueils de pratiques<\/em><\/strong> <\/p>\n\n\n<div class=\"wp-block-image\">\n<figure class=\"alignright size-large is-resized\"><img loading=\"lazy\" decoding=\"async\" width=\"694\" height=\"1024\" src=\"https:\/\/adapa-asso.net\/wp-content\/uploads\/2023\/10\/Recueil_page-de-couverture-694x1024.png\" alt=\"\" class=\"wp-image-963\" style=\"aspect-ratio:0.677734375;width:317px;height:auto\" srcset=\"https:\/\/adapa-asso.net\/wp-content\/uploads\/2023\/10\/Recueil_page-de-couverture-694x1024.png 694w, https:\/\/adapa-asso.net\/wp-content\/uploads\/2023\/10\/Recueil_page-de-couverture-203x300.png 203w, https:\/\/adapa-asso.net\/wp-content\/uploads\/2023\/10\/Recueil_page-de-couverture-79x116.png 79w, https:\/\/adapa-asso.net\/wp-content\/uploads\/2023\/10\/Recueil_page-de-couverture.png 727w\" sizes=\"auto, (max-width: 694px) 100vw, 694px\" \/><\/figure>\n<\/div>\n\n\n<ul class=\"wp-block-list\">\n<li> Apr\u00e8s plusieurs ann\u00e9es de travail, l\u2019ADAPA, le Conservatoire Botanique National du Massif Central (CBNMC) et l&rsquo;association Geyser ont publi\u00e9 un recueil qui rassemble exp\u00e9riences d\u2019agriculteurs et observations botaniques en Limousin.<mark style=\"background-color:rgba(0, 0, 0, 0)\" class=\"has-inline-color has-theme-palette-3-color\"> <strong>Ce livre s\u2019adresse avant tout aux \u00e9leveurs novices, r\u00e9cemment install\u00e9s en Limousin, ou aux futurs \u00e9leveurs et \u00e9leveuses pour les accompagner dans la construction de leur ferme herbag\u00e8re. Mais il s\u2019adresse aussi \u00e0 celles et ceux en qu\u00eate d\u2019autonomie et qui s\u2019int\u00e9ressent aux pratiques herbag\u00e8res<\/strong>.<\/mark> Il donne la parole aux \u00e9leveurs qui ont bien voulu transmettre leurs savoirs, les croiser aux regards de botanistes pour caract\u00e9riser et appr\u00e9cier les grands types de v\u00e9g\u00e9tations agropastorales \u2013 pelouses, landes et prairies naturelles \u2013 qui constituent la base des \u00e9levages herbagers.<\/li>\n<\/ul>\n\n\n\n<p>Pour t\u00e9l\u00e9charger gratuitement le recueil, <a href=\"https:\/\/adapa-asso.net\/wp-content\/uploads\/2023\/10\/Guide-MOH-Limousin_web-1.pdf\" data-type=\"link\" data-id=\"https:\/\/adapa-asso.net\/wp-content\/uploads\/2023\/10\/Guide-MOH-Limousin_web-1.pdf\">cliquer ici<\/a> <\/p>\n\n\n\n<p>Pour consulter gratuitement le recueil en ligne, <a href=\"https:\/\/www.calameo.com\/read\/0005641494ff6293d8b3b?\" data-type=\"link\" data-id=\"https:\/\/adapa-asso.net\/wp-content\/uploads\/2023\/10\/Guide-MOH-Limousin_web-1.pdf\">cliquer ici<\/a><\/p>\n\n\n\n<p><strong>Et si vous souhaitez obtenir une version papier du recueil, contactez nous ! <\/strong><\/p>\n\n\n\n<p><\/p>\n\n\n\n<p><\/p>\n\n\n\n<p><\/p>\n\n\n\n<div class=\"wp-block-media-text is-stacked-on-mobile\" style=\"grid-template-columns:32% auto\"><figure class=\"wp-block-media-text__media\"><img loading=\"lazy\" decoding=\"async\" width=\"718\" height=\"1024\" src=\"https:\/\/adapa-asso.net\/wp-content\/uploads\/2023\/10\/Recueil_ADMM_Page-de-couverture-718x1024.png\" alt=\"\" class=\"wp-image-975 size-full\" srcset=\"https:\/\/adapa-asso.net\/wp-content\/uploads\/2023\/10\/Recueil_ADMM_Page-de-couverture-718x1024.png 718w, https:\/\/adapa-asso.net\/wp-content\/uploads\/2023\/10\/Recueil_ADMM_Page-de-couverture-210x300.png 210w, https:\/\/adapa-asso.net\/wp-content\/uploads\/2023\/10\/Recueil_ADMM_Page-de-couverture-81x116.png 81w, https:\/\/adapa-asso.net\/wp-content\/uploads\/2023\/10\/Recueil_ADMM_Page-de-couverture.png 757w\" sizes=\"auto, (max-width: 718px) 100vw, 718px\" \/><\/figure><div class=\"wp-block-media-text__content\">\n<ul class=\"wp-block-list\">\n<li><strong><em>ET DEMAIN ? L&rsquo;\u00e9levage du massif central face aux changements climatiques et soci\u00e9taux\u2026<\/em><\/strong> C\u2019est la question que s\u2019est pos\u00e9 le r\u00e9seau Agriculture Durable de Moyenne Montagne dont fait partie l&rsquo;ADAPA durant ces 3 derni\u00e8res ann\u00e9es. Ce rapport d\u2019enqu\u00eate n\u2019est pas un livre de recette, il illustre les r\u00e9flexions et les pratiques que les \u00e9leveurs du r\u00e9seau pensent justes et inspirantes. Il est le r\u00e9sultat d\u2019enqu\u00eates men\u00e9es aupr\u00e8s de ces professionnels et refl\u00e8te la diversit\u00e9 des enjeux pr\u00e9sents en moyenne montagne. Il plaide pour que les envies de transition soient accompagn\u00e9es, en collectif mais aussi vers plus d\u2019autonomie des agriculteurs.<\/li>\n<\/ul>\n\n\n\n<p>Pour t\u00e9l\u00e9charger gratuitement le document, <a href=\"https:\/\/adapa-asso.net\/wp-content\/uploads\/2023\/10\/Document-technique-ADMM-2023_VDEF_Web.pdf\">cliquer ici<\/a><\/p>\n<\/div><\/div>\n\n\n\n<p><\/p>\n\n\n\n<p class=\"has-luminous-vivid-orange-color has-text-color has-medium-font-size\"><em><strong>Des fiches de fermes<\/strong> :<\/em><\/p>\n\n\n\n<p>9 fiches de fermes ont \u00e9t\u00e9 r\u00e9alis\u00e9es en 2025. Elles concernent les ann\u00e9es 2022-2023. Vous les trouverez sur la page <a href=\"https:\/\/adapa-asso.net\/index.php\/performances-technico-economiques\/\">\u00ab\u00a0Performances technico-\u00e9conomiques\u00a0\u00bb <\/a>de notre site internet. <\/p>\n\n\n\n<p>Voici ici des fiches de fermes plus anciennes : <\/p>\n\n\n\n<div class=\"wp-block-group\"><div class=\"wp-block-group__inner-container is-layout-flow wp-block-group-is-layout-flow\">\n<ul class=\"wp-block-list\">\n<li><strong>Pr\u00e9sentation du GAEC de la Geneste<\/strong>, \u00e9levage bovin limousin \u00e0 Chamboulive (19) : <a href=\"https:\/\/adapa-asso.net\/wp-content\/uploads\/2020\/12\/Fiche-de-ferme-GAEC-DE-LA-GENESTE-2017-FINALE-1.pdf\">T\u00e9l\u00e9charger<\/a><\/li>\n<\/ul>\n<\/div><\/div>\n\n\n\n<ul class=\"wp-block-list\">\n<li><strong>Pr\u00e9sentation de la ferme d&rsquo;Eric Jarasse<\/strong>, \u00e9leveur laitier \u00e0 Eygurande (19) : <a href=\"https:\/\/adapa-asso.net\/wp-content\/uploads\/2020\/12\/EricJarasse.pdf\">T\u00e9l\u00e9charger<\/a><\/li>\n<\/ul>\n\n\n\n<ul class=\"wp-block-list\">\n<li><strong>Pr\u00e9sentation du GAEC de la Belle Botte<\/strong>, \u00e9levage ovin \u00e0 Pageas (87) : <a href=\"https:\/\/adapa-asso.net\/wp-content\/uploads\/2020\/12\/Fiche-Gaec-La-Belle-Botte-2017_vf.pdf\">T\u00e9l\u00e9charger<\/a><\/li>\n<\/ul>\n\n\n\n<ul class=\"wp-block-list\">\n<li><strong>Pr\u00e9sentation de la ferme de Marc Desseauve<\/strong>, \u00e9leveur bovin limousin \u00e0 Lamazi\u00e8re-Haute (19) : <a href=\"https:\/\/adapa-asso.net\/wp-content\/uploads\/2020\/12\/Fiche-referente-ADMM-Marc.pdf\">T\u00e9l\u00e9charger<\/a><\/li>\n<\/ul>\n\n\n\n<ul class=\"wp-block-list\">\n<li><strong>Pr\u00e9sentation de la ferme du GAEC du Mas Gilard<\/strong>, \u00e9leveurs laitiers \u00e0 Champn\u00e9try (87) : <a href=\"https:\/\/adapa-asso.net\/wp-content\/uploads\/2020\/12\/Fiche-ferme-Kaak-2017_vf.pdf\">T\u00e9l\u00e9charger<\/a><\/li>\n<\/ul>\n\n\n\n<div class=\"wp-block-group\"><div class=\"wp-block-group__inner-container is-layout-flow wp-block-group-is-layout-flow\">\n<ul class=\"wp-block-list\">\n<li><strong>Pr\u00e9sentation du GAEC Chair et Tendre<\/strong>, \u00e9levage bovin limousin \u00e0 Chamberet (19) : <a href=\"https:\/\/adapa-asso.net\/wp-content\/uploads\/2020\/12\/GAECChairettendre.pdf\">T\u00e9l\u00e9charger<\/a><\/li>\n<\/ul>\n<\/div><\/div>\n\n\n\n<ul class=\"wp-block-list\">\n<li><strong>Pr\u00e9sentation de la ferme de Laure Chazelas<\/strong>, \u00e9leveuse ovine \u00e0 La Porcherie (87) : <a href=\"https:\/\/adapa-asso.net\/wp-content\/uploads\/2020\/12\/LaureChazelas.pdf\">T\u00e9l\u00e9charger<\/a><\/li>\n<\/ul>\n\n\n\n<ul class=\"wp-block-list\">\n<li><strong>Pr\u00e9sentation des fermes du r\u00e9seau ADMM<\/strong> : <a href=\"https:\/\/adapa-asso.net\/wp-content\/uploads\/2020\/11\/ADMM.pdf\">T\u00e9l\u00e9charger<\/a><\/li>\n<\/ul>\n\n\n\n<ul class=\"wp-block-list\">\n<li><strong>Pr\u00e9sentation de la ferme d&rsquo;Eric B\u00e9lingard<\/strong>, \u00e9leveur bovin limousin \u00e0 Ladignac-Le-Long (87) : <a href=\"https:\/\/adapa-asso.net\/wp-content\/uploads\/2020\/12\/ericbelingard.pdf\">T\u00e9l\u00e9charger<\/a><\/li>\n<\/ul>\n\n\n\n<p>Et ci-dessous, une pr\u00e9sentation vid\u00e9o de la ferme d&rsquo;Eric. <\/p>\n\n\n\n<figure class=\"wp-block-embed is-type-video is-provider-youtube wp-block-embed-youtube wp-embed-aspect-16-9 wp-has-aspect-ratio\"><div class=\"wp-block-embed__wrapper\">\n<iframe loading=\"lazy\" title=\"\u00c0 la d\u00e9couverte des vaches Limousines BIO chez M.Belingard !!! #1\" width=\"720\" height=\"405\" src=\"https:\/\/www.youtube.com\/embed\/aCcPqgjxc-s?feature=oembed\" frameborder=\"0\" allow=\"accelerometer; autoplay; clipboard-write; encrypted-media; gyroscope; picture-in-picture; web-share\" referrerpolicy=\"strict-origin-when-cross-origin\" allowfullscreen><\/iframe>\n<\/div><\/figure>\n\n\n\n<p class=\"has-luminous-vivid-orange-color has-text-color has-medium-font-size\"><strong><em>Des fiches th\u00e9matiques : <\/em><\/strong><\/p>\n\n\n\n<ul class=\"wp-block-list\">\n<li>Dossier technique sur la gestion de l&rsquo;herbe (nouvelle mise \u00e0 jour) : <a href=\"https:\/\/adapa-asso.net\/wp-content\/uploads\/2025\/02\/Plaquette-herbe-ADAPA_.pdf\">T\u00e9l\u00e9charger<\/a><\/li>\n<\/ul>\n\n\n\n<ul class=\"wp-block-list\">\n<li>Dossier technique sur la gestion de l&rsquo;herbe (ancienne version) : <a href=\"https:\/\/adapa-asso.net\/wp-content\/uploads\/2020\/11\/Valoriser-une-ressource-peu-couteuse_MAJ-2019_compressed.pdf\">T\u00e9l\u00e9charger<\/a><\/li>\n<\/ul>\n\n\n\n<ul class=\"wp-block-list\">\n<li>Dossier technique sur la mise en place du p\u00e2turage tournant : <a href=\"https:\/\/adapa-asso.net\/wp-content\/uploads\/2024\/12\/Plaquette-herbe-ADAPA_.pdf\" data-type=\"link\" data-id=\"https:\/\/adapa-asso.net\/wp-content\/uploads\/2024\/12\/Plaquette-herbe-ADAPA_.pdf\">T\u00e9l\u00e9charger<\/a><\/li>\n<\/ul>\n\n\n\n<ul class=\"wp-block-list\">\n<li>Dossier technique sur l&rsquo;engraissement \u00e0 l&rsquo;herbe : <a href=\"https:\/\/adapa-asso.net\/wp-content\/uploads\/2020\/11\/DOSSIER__ENGRAISSEMENT__HERBE.pdf\">T\u00e9l\u00e9charger<\/a><\/li>\n<\/ul>\n\n\n\n<p class=\"has-luminous-vivid-orange-color has-text-color has-medium-font-size\"><em><strong>Des \u00e9tudes<\/strong> <strong>:<\/strong><\/em><\/p>\n\n\n\n<p>Etude sur la finition au p\u00e2turage de Nathan Morsel : <a href=\"https:\/\/adapa-asso.net\/wp-content\/uploads\/2020\/11\/Etude-finition-au-paturage-Nathan-Morsel-compresse.pdf\">T\u00e9l\u00e9charger<\/a><\/p>\n\n\n\n<p class=\"has-luminous-vivid-orange-color has-text-color has-medium-font-size\"><strong><em>Des articles de presse :<\/em><\/strong><\/p>\n\n\n\n<ul class=\"wp-block-list\">\n<li>Article sur la ferme d&rsquo;Eric Jarasse : <a href=\"https:\/\/adapa-asso.net\/wp-content\/uploads\/2020\/11\/article-Eric-jarasse-Millevache.pdf\">T\u00e9l\u00e9charger<\/a><\/li>\n<\/ul>\n\n\n\n<ul class=\"wp-block-list\">\n<li>Article sur le GAEC du Mas Gilard, parution dans Campagne Solidaire : <a href=\"https:\/\/adapa-asso.net\/wp-content\/uploads\/2020\/11\/Article-KAAKcampagne-solidaire.pdf\">T\u00e9l\u00e9charger<\/a><\/li>\n<\/ul>\n\n\n\n<p class=\"has-luminous-vivid-orange-color has-text-color has-medium-font-size\"><strong><em>Des bulletins (1 \u00e0 2 fois par an) pr\u00e9sentant le travail de plusieurs associations regroup\u00e9es dans le programme Agriculture Durable de Moyenne Montagne (ADMM) : <\/em><\/strong><\/p>\n\n\n\n<p><\/p>\n\n\n\n<p class=\"has-small-font-size\"><a href=\"https:\/\/adapa-asso.net\/wp-content\/uploads\/2020\/11\/bulletin_admm_n1.pdf\">Bulletin ADMM n\u00b01 :<\/a> <\/p>\n\n\n\n<p><em>Mots clefs : p\u00e2turage tournant, gestion de l&rsquo;herbe.<\/em><\/p>\n\n\n\n<div class=\"wp-block-file\"><a id=\"wp-block-file--media-6e776ba2-a2c1-4f83-ace6-910b9f0b556d\" href=\"https:\/\/adapa-asso.net\/wp-content\/uploads\/2020\/11\/bulletin_admm_n2.pdf\">Bulletin ADMM n\u00b02 :<\/a><a href=\"https:\/\/adapa-asso.net\/wp-content\/uploads\/2020\/11\/bulletin_admm_n2.pdf\" class=\"wp-block-file__button wp-element-button\" download aria-describedby=\"wp-block-file--media-6e776ba2-a2c1-4f83-ace6-910b9f0b556d\">T\u00e9l\u00e9charger<\/a><\/div>\n\n\n\n<p><em>Mots clefs : semences ma\u00efs, alimentation troupeau et r\u00e9chauffement climatique, agroforesterie. <\/em><\/p>\n\n\n\n<div class=\"wp-block-file\"><a id=\"wp-block-file--media-08a6b25f-0253-459c-b821-cf8d16d7ded6\" href=\"https:\/\/adapa-asso.net\/wp-content\/uploads\/2020\/11\/bulletin_admm_n3.pdf\">Bulletin ADMM n\u00b03 :<\/a><a href=\"https:\/\/adapa-asso.net\/wp-content\/uploads\/2020\/11\/bulletin_admm_n3.pdf\" class=\"wp-block-file__button wp-element-button\" download aria-describedby=\"wp-block-file--media-08a6b25f-0253-459c-b821-cf8d16d7ded6\">T\u00e9l\u00e9charger<\/a><\/div>\n\n\n\n<p><em>Mots clefs : bien-\u00eatre animal, m\u00e9decine douce. <\/em><\/p>\n\n\n\n<div class=\"wp-block-file\"><a id=\"wp-block-file--media-8bba372d-c596-40c1-9cd3-3dd8b2c81793\" href=\"https:\/\/adapa-asso.net\/wp-content\/uploads\/2020\/11\/bulletin_admm_n4.pdf\">Bulletin ADMM n\u00b04 :<\/a><a href=\"https:\/\/adapa-asso.net\/wp-content\/uploads\/2020\/11\/bulletin_admm_n4.pdf\" class=\"wp-block-file__button wp-element-button\" download aria-describedby=\"wp-block-file--media-8bba372d-c596-40c1-9cd3-3dd8b2c81793\">T\u00e9l\u00e9charger<\/a><\/div>\n\n\n\n<p><em>Mots clefs : finition au p\u00e2turage, \u00e9levage porcin durable.<\/em><\/p>\n\n\n\n<div class=\"wp-block-file\"><a id=\"wp-block-file--media-82af8562-d954-412f-8f8b-811d45cdbe2d\" href=\"https:\/\/adapa-asso.net\/wp-content\/uploads\/2020\/11\/bulletin_admm_n5.pdf\">Bulletin ADMM n\u00b05 :<\/a><a href=\"https:\/\/adapa-asso.net\/wp-content\/uploads\/2020\/11\/bulletin_admm_n5.pdf\" class=\"wp-block-file__button wp-element-button\" download aria-describedby=\"wp-block-file--media-82af8562-d954-412f-8f8b-811d45cdbe2d\">T\u00e9l\u00e9charger<\/a><\/div>\n\n\n\n<p><em>Mots clefs : semences paysannes, moulin \u00e0 vent.<\/em><\/p>\n\n\n\n<div class=\"wp-block-file\"><a id=\"wp-block-file--media-172c80f6-2883-4dd0-8fb6-8e4634e8b53b\" href=\"https:\/\/adapa-asso.net\/wp-content\/uploads\/2020\/11\/bulletin_admm_n6-web.pdf\">Bulletin ADMM n\u00b06 :<\/a><a href=\"https:\/\/adapa-asso.net\/wp-content\/uploads\/2020\/11\/bulletin_admm_n6-web.pdf\" class=\"wp-block-file__button wp-element-button\" download aria-describedby=\"wp-block-file--media-172c80f6-2883-4dd0-8fb6-8e4634e8b53b\">T\u00e9l\u00e9charger<\/a><\/div>\n\n\n\n<p><em>Mots clefs : semences fourrag\u00e8res, p\u00e2turage de ressources diversifi\u00e9es.<\/em><\/p>\n\n\n\n<div class=\"wp-block-file\"><a id=\"wp-block-file--media-4afe62dd-9553-409d-8554-4725a356ec3e\" href=\"https:\/\/adapa-asso.net\/wp-content\/uploads\/2020\/11\/Bulletin-ADMM-n\u00b07.pdf\">Bulletin ADMM n\u00b07 :<\/a><a href=\"https:\/\/adapa-asso.net\/wp-content\/uploads\/2020\/11\/Bulletin-ADMM-n\u00b07.pdf\" class=\"wp-block-file__button wp-element-button\" download aria-describedby=\"wp-block-file--media-4afe62dd-9553-409d-8554-4725a356ec3e\">T\u00e9l\u00e9charger<\/a><\/div>\n\n\n\n<p><em>Mots clefs : Autonomie prot\u00e9ique, organisation d&rsquo;un collectif.<\/em><\/p>\n\n\n\n<div class=\"wp-block-file\"><a id=\"wp-block-file--media-96b0d539-8f17-448e-bc2c-5e4757b4fb04\" href=\"https:\/\/adapa-asso.net\/wp-content\/uploads\/2020\/11\/Bulletin-ADMM-n\u00b08.pdf\">Bulletin ADMM n\u00b08 :<\/a><a href=\"https:\/\/adapa-asso.net\/wp-content\/uploads\/2020\/11\/Bulletin-ADMM-n\u00b08.pdf\" class=\"wp-block-file__button wp-element-button\" download aria-describedby=\"wp-block-file--media-96b0d539-8f17-448e-bc2c-5e4757b4fb04\">T\u00e9l\u00e9charger<\/a><\/div>\n\n\n\n<p><em>Mots clefs : diversification, engraissement \u00e0 l&rsquo;herbe.<\/em><\/p>\n\n\n\n<div class=\"wp-block-file\"><a id=\"wp-block-file--media-ff2eee81-2586-481e-99fe-7e073cbd90ff\" href=\"https:\/\/adapa-asso.net\/wp-content\/uploads\/2022\/07\/Bulletin-ADMM-10-DEF.pdf\">Bulletin ADMM n\u00b010 :<\/a><a href=\"https:\/\/adapa-asso.net\/wp-content\/uploads\/2022\/07\/Bulletin-ADMM-10-DEF.pdf\" class=\"wp-block-file__button wp-element-button\" download aria-describedby=\"wp-block-file--media-ff2eee81-2586-481e-99fe-7e073cbd90ff\">T\u00e9l\u00e9charger<\/a><\/div>\n\n\n\n<p><em>Mots clefs : fili\u00e8re, collectif, autonomie d\u00e9cisionnelle.<\/em><\/p>\n\n\n\n<div class=\"wp-block-file\"><a id=\"wp-block-file--media-7c3ba5c6-b099-480f-89b5-8d767e1a09db\" href=\"https:\/\/adapa-asso.net\/wp-content\/uploads\/2022\/07\/Bulletin-ADMM-11-HD.pdf\">Bulletin ADMM n\u00b011 :<\/a><a href=\"https:\/\/adapa-asso.net\/wp-content\/uploads\/2022\/07\/Bulletin-ADMM-11-HD.pdf\" class=\"wp-block-file__button wp-element-button\" download aria-describedby=\"wp-block-file--media-7c3ba5c6-b099-480f-89b5-8d767e1a09db\">T\u00e9l\u00e9charger<\/a><\/div>\n\n\n\n<p><em>Mots clefs : \u00e9levage et changements climatiques, partenariat boucherie, atelier de d\u00e9coupe.<\/em><\/p>\n\n\n\n<p style=\"font-size:14px\"><a href=\"https:\/\/adapa-asso.net\/wp-content\/uploads\/2022\/11\/Bulletin-ADMM-WEB.pdf\" data-type=\"URL\" data-id=\"https:\/\/adapa-asso.net\/wp-content\/uploads\/2022\/11\/Bulletin-ADMM-WEB.pdf\">Bulletin ADMM n\u00b012 : <\/a><\/p>\n\n\n\n<p><em>Mots clefs : finition \u00e0 l&rsquo;herbe, abbatage \u00e0 la ferme.<\/em><\/p>\n\n\n\n<p class=\"has-small-font-size\"><a href=\"https:\/\/adapa-asso.net\/wp-content\/uploads\/2024\/10\/bulletin_admm_13_def.pdf\">Bulletin ADMM n\u00b013: <\/a><\/p>\n\n\n\n<p><em>Mots clefs : diversification, recueil de savoirs paysans. <\/em><\/p>\n\n\n\n<p class=\"has-small-font-size\"><a href=\"https:\/\/adapa-asso.net\/wp-content\/uploads\/2024\/11\/Bulletin-ADMM-14-FINAL-WEB.pdf\">Bulletin ADMM n\u00b014 : <\/a><\/p>\n\n\n\n<p><em>Mots clefs : installation des femmes en \u00e9levage, gestion de l&rsquo;eau<\/em>.<\/p>\n\n\n\n<p><\/p>\n","protected":false},"excerpt":{"rendered":"<p>Vous pouvez t\u00e9l\u00e9charger ici diff\u00e9rents supports de pr\u00e9sentation de notre travail. Des recueils de pratiques Pour t\u00e9l\u00e9charger gratuitement le recueil, cliquer ici Pour consulter gratuitement le recueil en ligne, cliquer ici Et si vous souhaitez obtenir une version papier du recueil, contactez nous ! Des fiches de fermes : 9 fiches de fermes ont \u00e9t\u00e9&#8230;<\/p>\n","protected":false},"author":2,"featured_media":0,"parent":0,"menu_order":0,"comment_status":"closed","ping_status":"closed","template":"","meta":{"_kadence_starter_templates_imported_post":false,"_kad_post_transparent":"","_kad_post_title":"","_kad_post_layout":"","_kad_post_sidebar_id":"","_kad_post_content_style":"","_kad_post_vertical_padding":"","_kad_post_feature":"","_kad_post_feature_position":"","_kad_post_header":false,"_kad_post_footer":false,"_kad_post_classname":"","footnotes":""},"class_list":["post-113","page","type-page","status-publish","hentry"],"_links":{"self":[{"href":"https:\/\/adapa-asso.net\/index.php\/wp-json\/wp\/v2\/pages\/113","targetHints":{"allow":["GET"]}}],"collection":[{"href":"https:\/\/adapa-asso.net\/index.php\/wp-json\/wp\/v2\/pages"}],"about":[{"href":"https:\/\/adapa-asso.net\/index.php\/wp-json\/wp\/v2\/types\/page"}],"author":[{"embeddable":true,"href":"https:\/\/adapa-asso.net\/index.php\/wp-json\/wp\/v2\/users\/2"}],"replies":[{"embeddable":true,"href":"https:\/\/adapa-asso.net\/index.php\/wp-json\/wp\/v2\/comments?post=113"}],"version-history":[{"count":67,"href":"https:\/\/adapa-asso.net\/index.php\/wp-json\/wp\/v2\/pages\/113\/revisions"}],"predecessor-version":[{"id":1348,"href":"https:\/\/adapa-asso.net\/index.php\/wp-json\/wp\/v2\/pages\/113\/revisions\/1348"}],"wp:attachment":[{"href":"https:\/\/adapa-asso.net\/index.php\/wp-json\/wp\/v2\/media?parent=113"}],"curies":[{"name":"wp","href":"https:\/\/api.w.org\/{rel}","templated":true}]}}